{"id":34,"date":"2021-09-20T16:57:00","date_gmt":"2021-09-20T21:57:00","guid":{"rendered":"https:\/\/lpointiers.com\/?post_type=product&#038;p=34"},"modified":"2026-01-01T20:34:55","modified_gmt":"2026-01-02T01:34:55","slug":"atardecer-sibarita-master","status":"publish","type":"product","link":"https:\/\/lpointiers.com\/en\/producto\/atardecer-sibarita-master\/","title":{"rendered":"Sunset Sibarita Master"},"content":{"rendered":"<p><span style=\"color: #000000;\"><strong>Tour to appreciate the sunset Sunset Sibarita Master over the Bay of Cartagena De Indias aboard our luxury boat.<\/strong><\/span><\/p>\n<p><span style=\"color: #000000;\">At\u00a0<strong>Sunset\u00a0<\/strong><b>by the bay at Sibarita Master <\/b>we left the\u00a0<strong>Bodeguita pier<\/strong>, front of the\u00a0<strong>walled city of Cartagena<\/strong>. We sail between the Manga and Bocagrande skyscrapers. Later, we sail between Isla Manzanillo and Castillo Grande. We arrived in front of El Laguito and the\u00a0<strong>Tierra Bomba island<\/strong>, where the bay opens to the sea. Here we enjoy the magnificent <strong>sunset<\/strong> as we sail silently Little by little the lights of the skyscrapers are lighting up.<\/span><\/p>\n<ul>\n<li><span style=\"color: #339966;\"><a style=\"color: #339966;\" href=\"https:\/\/lpointiers.com\/en\/categoria-producto\/alquiler-de-botes-deportivos-en-cartagena\/\">Private boat rental for tours of the bay\u00a0<\/a><\/span><\/li>\n<\/ul>\n<p><span style=\"color: #000000;\">They will enjoy the relaxing but at the same time exciting navigation through the Bay of <strong>Cartagena of Indias<\/strong>. Accompanied by good music while enjoying a cocktail, or a soft drink and a delicious aperitif in a magical atmosphere during the <strong>sunset<\/strong> and the lighting of the spectacular lights of the city of <strong>Cartagena<\/strong>.<\/span><\/p>\n<p><span style=\"color: #000000;\">One of the most romantic moments of the day is the time to enjoy the <strong>sunset<\/strong>. If to that extraordinary image of color and tranquility we add the opportunity to be in the best places in\u00a0<strong>Cartagena<\/strong>, becomes a dream situation that is worth enjoying alone or with someone.<\/span><\/p>\n<p><span style=\"color: #000000;\"><strong>GUARANTEED DEPARTURES ON THURSDAY, FRIDAY, SATURDAY AND SUNDAY<\/strong><\/span><\/p>\n<ul>\n<li><span style=\"color: #000000;\">\u00a0Rates and reservations are subject to availability. All departures are in shared service (Excursion Type)<\/span><\/li>\n<\/ul>\n<p><span style=\"color: #000000;\"><strong>INCLUDES<\/strong><\/span><\/p>\n<ul>\n<li><span style=\"color: #000000;\">Walk through the bay of Cartagena for 90 minutes<\/span><\/li>\n<li><span style=\"color: #000000;\">Cuba Libre open bar, rum punch, beer, wine, sangria, lemonade, water and soda<\/span><\/li>\n<li><span style=\"color: #000000;\">Service on board<\/span><\/li>\n<li><span style=\"color: #000000;\">Music on board<\/span><\/li>\n<li><span style=\"color: #000000;\">WIFI signal<\/span><\/li>\n<li><span style=\"color: #000000;\">Bathrooms for Ladies and Gentlemen<\/span><\/li>\n<li><span style=\"color: #000000;\">Selection of premium drinks and snacks on board with additional charge<\/span><\/li>\n<\/ul>\n<p><span style=\"color: #000000;\"><strong>NOT INCLUDE<\/strong><\/span><\/p>\n<ul>\n<li>Dock taxes<\/li>\n<li><span style=\"color: #000000;\">Other expenses not specified in the plan.<\/span><\/li>\n<\/ul>\n<p><span style=\"color: #000000;\"><strong>Schedules<\/strong><\/span><\/p>\n<ul>\n<li><span style=\"color: #000000;\">Embarque: 4:30 p.m.<\/span><\/li>\n<li><span style=\"color: #000000;\">Set sail: 5:00 p.m.<\/span><\/li>\n<\/ul>\n<p><span style=\"color: #000000;\">MEETING PLACE: Wooden pier of the pegasos pier<\/span><\/p>\n<p><span style=\"color: #000000;\"><strong>BOOK YOUR SPACE NOW !!<\/strong><\/span><\/p>","protected":false},"excerpt":{"rendered":"<p><span style=\"color: #000000;\">You can reserve this activity with 50%, the rest you cancel at the time of carrying out the activity or you can make the full payment.<\/span><\/p>","protected":false},"featured_media":35,"comment_status":"open","ping_status":"closed","template":"","meta":{"_joinchat":[]},"product_brand":[],"product_cat":[53,15],"product_tag":[],"class_list":{"0":"post-34","1":"product","2":"type-product","3":"status-publish","4":"has-post-thumbnail","6":"product_cat-cartagena","7":"product_cat-sitios-turisticos-de-cartagena","9":"first","10":"instock","11":"virtual","12":"purchasable","13":"product-type-simple"},"yoast_head":"<!-- This site is optimized with the Yoast SEO plugin v27.4 - https:\/\/yoast.com\/product\/yoast-seo-wordpress\/ -->\n<title>Atardecer Sibarita Master | Recorrido por la bah\u00eda<\/title>\n<meta name=\"description\" content=\"Atardecer Sibarita Master sobre la Bah\u00eda. En el\u00a0Atardecer\u00a0Sibarita Master disfrutar\u00e1n de la relajante pero a su vez emocionante navegaci\u00f3n por la Bah\u00eda\" \/>\n<meta name=\"robots\" content=\"index, follow, max-snippet:-1, max-image-preview:large, max-video-preview:-1\" \/>\n<link rel=\"canonical\" href=\"https:\/\/lpointiers.com\/en\/producto\/atardecer-sibarita-master\/\" \/>\n<meta property=\"og:locale\" content=\"en_US\" \/>\n<meta property=\"og:type\" content=\"article\" \/>\n<meta property=\"og:title\" content=\"Atardecer Sibarita Master | Recorrido por la bah\u00eda\" \/>\n<meta property=\"og:description\" content=\"Atardecer Sibarita Master sobre la Bah\u00eda. En el\u00a0Atardecer\u00a0Sibarita Master disfrutar\u00e1n de la relajante pero a su vez emocionante navegaci\u00f3n por la Bah\u00eda\" \/>\n<meta property=\"og:url\" content=\"https:\/\/lpointiers.com\/en\/producto\/atardecer-sibarita-master\/\" \/>\n<meta property=\"og:site_name\" content=\"L&#039;POINTIERS TOURS CARTAGENA\" \/>\n<meta property=\"article:publisher\" content=\"https:\/\/www.facebook.com\/EmporioLpointiers\" \/>\n<meta property=\"article:modified_time\" content=\"2026-01-02T01:34:55+00:00\" \/>\n<meta property=\"og:image\" content=\"https:\/\/lpointiers.com\/wp-content\/uploads\/2021\/09\/Sibarita-master-atardecer-por-la-bahia.png\" \/>\n\t<meta property=\"og:image:width\" content=\"600\" \/>\n\t<meta property=\"og:image:height\" content=\"375\" \/>\n\t<meta property=\"og:image:type\" content=\"image\/png\" \/>\n<meta name=\"twitter:card\" content=\"summary_large_image\" \/>\n<meta name=\"twitter:label1\" content=\"Est. reading time\" \/>\n\t<meta name=\"twitter:data1\" content=\"2 minutes\" \/>\n<script type=\"application\/ld+json\" class=\"yoast-schema-graph\">{\"@context\":\"https:\\\/\\\/schema.org\",\"@graph\":[{\"@type\":\"WebPage\",\"@id\":\"https:\\\/\\\/lpointiers.com\\\/producto\\\/atardecer-sibarita-master\\\/\",\"url\":\"https:\\\/\\\/lpointiers.com\\\/producto\\\/atardecer-sibarita-master\\\/\",\"name\":\"Atardecer Sibarita Master | Recorrido por la bah\u00eda\",\"isPartOf\":{\"@id\":\"https:\\\/\\\/lpointiers.com\\\/#website\"},\"primaryImageOfPage\":{\"@id\":\"https:\\\/\\\/lpointiers.com\\\/producto\\\/atardecer-sibarita-master\\\/#primaryimage\"},\"image\":{\"@id\":\"https:\\\/\\\/lpointiers.com\\\/producto\\\/atardecer-sibarita-master\\\/#primaryimage\"},\"thumbnailUrl\":\"https:\\\/\\\/lpointiers.com\\\/wp-content\\\/uploads\\\/2021\\\/09\\\/Sibarita-master-atardecer-por-la-bahia.png\",\"datePublished\":\"2021-09-20T21:57:00+00:00\",\"dateModified\":\"2026-01-02T01:34:55+00:00\",\"description\":\"Atardecer Sibarita Master sobre la Bah\u00eda. En el\u00a0Atardecer\u00a0Sibarita Master disfrutar\u00e1n de la relajante pero a su vez emocionante navegaci\u00f3n por la Bah\u00eda\",\"breadcrumb\":{\"@id\":\"https:\\\/\\\/lpointiers.com\\\/producto\\\/atardecer-sibarita-master\\\/#breadcrumb\"},\"inLanguage\":\"en-US\",\"potentialAction\":[{\"@type\":\"ReadAction\",\"target\":[\"https:\\\/\\\/lpointiers.com\\\/producto\\\/atardecer-sibarita-master\\\/\"]}]},{\"@type\":\"ImageObject\",\"inLanguage\":\"en-US\",\"@id\":\"https:\\\/\\\/lpointiers.com\\\/producto\\\/atardecer-sibarita-master\\\/#primaryimage\",\"url\":\"https:\\\/\\\/lpointiers.com\\\/wp-content\\\/uploads\\\/2021\\\/09\\\/Sibarita-master-atardecer-por-la-bahia.png\",\"contentUrl\":\"https:\\\/\\\/lpointiers.com\\\/wp-content\\\/uploads\\\/2021\\\/09\\\/Sibarita-master-atardecer-por-la-bahia.png\",\"width\":600,\"height\":375,\"caption\":\"Sibarita master atardecer por la bahia\"},{\"@type\":\"BreadcrumbList\",\"@id\":\"https:\\\/\\\/lpointiers.com\\\/producto\\\/atardecer-sibarita-master\\\/#breadcrumb\",\"itemListElement\":[{\"@type\":\"ListItem\",\"position\":1,\"name\":\"Home\",\"item\":\"https:\\\/\\\/lpointiers.com\\\/\"},{\"@type\":\"ListItem\",\"position\":2,\"name\":\"Tienda\",\"item\":\"https:\\\/\\\/lpointiers.com\\\/tienda\\\/\"},{\"@type\":\"ListItem\",\"position\":3,\"name\":\"Atardecer Sibarita Master\"}]},{\"@type\":\"WebSite\",\"@id\":\"https:\\\/\\\/lpointiers.com\\\/#website\",\"url\":\"https:\\\/\\\/lpointiers.com\\\/\",\"name\":\"L'POINTIERS TOURS CARTAGENA\",\"description\":\"Agencia de turismo en Cartagena\",\"publisher\":{\"@id\":\"https:\\\/\\\/lpointiers.com\\\/#organization\"},\"potentialAction\":[{\"@type\":\"SearchAction\",\"target\":{\"@type\":\"EntryPoint\",\"urlTemplate\":\"https:\\\/\\\/lpointiers.com\\\/?s={search_term_string}\"},\"query-input\":{\"@type\":\"PropertyValueSpecification\",\"valueRequired\":true,\"valueName\":\"search_term_string\"}}],\"inLanguage\":\"en-US\"},{\"@type\":\"Organization\",\"@id\":\"https:\\\/\\\/lpointiers.com\\\/#organization\",\"name\":\"L'POINTIERS\",\"url\":\"https:\\\/\\\/lpointiers.com\\\/\",\"logo\":{\"@type\":\"ImageObject\",\"inLanguage\":\"en-US\",\"@id\":\"https:\\\/\\\/lpointiers.com\\\/#\\\/schema\\\/logo\\\/image\\\/\",\"url\":\"https:\\\/\\\/lpointiers.com\\\/wp-content\\\/uploads\\\/2024\\\/10\\\/l-pointiers-logo.jpeg\",\"contentUrl\":\"https:\\\/\\\/lpointiers.com\\\/wp-content\\\/uploads\\\/2024\\\/10\\\/l-pointiers-logo.jpeg\",\"width\":500,\"height\":257,\"caption\":\"L'POINTIERS\"},\"image\":{\"@id\":\"https:\\\/\\\/lpointiers.com\\\/#\\\/schema\\\/logo\\\/image\\\/\"},\"sameAs\":[\"https:\\\/\\\/www.facebook.com\\\/EmporioLpointiers\"]}]}<\/script>\n<!-- \/ Yoast SEO plugin. -->","yoast_head_json":{"title":"Atardecer Sibarita Master | Recorrido por la bah\u00eda","description":"Atardecer Sibarita Master sobre la Bah\u00eda. En el\u00a0Atardecer\u00a0Sibarita Master disfrutar\u00e1n de la relajante pero a su vez emocionante navegaci\u00f3n por la Bah\u00eda","robots":{"index":"index","follow":"follow","max-snippet":"max-snippet:-1","max-image-preview":"max-image-preview:large","max-video-preview":"max-video-preview:-1"},"canonical":"https:\/\/lpointiers.com\/en\/producto\/atardecer-sibarita-master\/","og_locale":"en_US","og_type":"article","og_title":"Atardecer Sibarita Master | Recorrido por la bah\u00eda","og_description":"Atardecer Sibarita Master sobre la Bah\u00eda. En el\u00a0Atardecer\u00a0Sibarita Master disfrutar\u00e1n de la relajante pero a su vez emocionante navegaci\u00f3n por la Bah\u00eda","og_url":"https:\/\/lpointiers.com\/en\/producto\/atardecer-sibarita-master\/","og_site_name":"L&#039;POINTIERS TOURS CARTAGENA","article_publisher":"https:\/\/www.facebook.com\/EmporioLpointiers","article_modified_time":"2026-01-02T01:34:55+00:00","og_image":[{"width":600,"height":375,"url":"https:\/\/lpointiers.com\/wp-content\/uploads\/2021\/09\/Sibarita-master-atardecer-por-la-bahia.png","type":"image\/png"}],"twitter_card":"summary_large_image","twitter_misc":{"Est. reading time":"2 minutes"},"schema":{"@context":"https:\/\/schema.org","@graph":[{"@type":"WebPage","@id":"https:\/\/lpointiers.com\/producto\/atardecer-sibarita-master\/","url":"https:\/\/lpointiers.com\/producto\/atardecer-sibarita-master\/","name":"Atardecer Sibarita Master | Recorrido por la bah\u00eda","isPartOf":{"@id":"https:\/\/lpointiers.com\/#website"},"primaryImageOfPage":{"@id":"https:\/\/lpointiers.com\/producto\/atardecer-sibarita-master\/#primaryimage"},"image":{"@id":"https:\/\/lpointiers.com\/producto\/atardecer-sibarita-master\/#primaryimage"},"thumbnailUrl":"https:\/\/lpointiers.com\/wp-content\/uploads\/2021\/09\/Sibarita-master-atardecer-por-la-bahia.png","datePublished":"2021-09-20T21:57:00+00:00","dateModified":"2026-01-02T01:34:55+00:00","description":"Atardecer Sibarita Master sobre la Bah\u00eda. En el\u00a0Atardecer\u00a0Sibarita Master disfrutar\u00e1n de la relajante pero a su vez emocionante navegaci\u00f3n por la Bah\u00eda","breadcrumb":{"@id":"https:\/\/lpointiers.com\/producto\/atardecer-sibarita-master\/#breadcrumb"},"inLanguage":"en-US","potentialAction":[{"@type":"ReadAction","target":["https:\/\/lpointiers.com\/producto\/atardecer-sibarita-master\/"]}]},{"@type":"ImageObject","inLanguage":"en-US","@id":"https:\/\/lpointiers.com\/producto\/atardecer-sibarita-master\/#primaryimage","url":"https:\/\/lpointiers.com\/wp-content\/uploads\/2021\/09\/Sibarita-master-atardecer-por-la-bahia.png","contentUrl":"https:\/\/lpointiers.com\/wp-content\/uploads\/2021\/09\/Sibarita-master-atardecer-por-la-bahia.png","width":600,"height":375,"caption":"Sibarita master atardecer por la bahia"},{"@type":"BreadcrumbList","@id":"https:\/\/lpointiers.com\/producto\/atardecer-sibarita-master\/#breadcrumb","itemListElement":[{"@type":"ListItem","position":1,"name":"Home","item":"https:\/\/lpointiers.com\/"},{"@type":"ListItem","position":2,"name":"Tienda","item":"https:\/\/lpointiers.com\/tienda\/"},{"@type":"ListItem","position":3,"name":"Atardecer Sibarita Master"}]},{"@type":"WebSite","@id":"https:\/\/lpointiers.com\/#website","url":"https:\/\/lpointiers.com\/","name":"L'POINTIERS TOURS CARTAGENA","description":"Tourism agency in Cartagena","publisher":{"@id":"https:\/\/lpointiers.com\/#organization"},"potentialAction":[{"@type":"SearchAction","target":{"@type":"EntryPoint","urlTemplate":"https:\/\/lpointiers.com\/?s={search_term_string}"},"query-input":{"@type":"PropertyValueSpecification","valueRequired":true,"valueName":"search_term_string"}}],"inLanguage":"en-US"},{"@type":"Organization","@id":"https:\/\/lpointiers.com\/#organization","name":"L'POINTIERS","url":"https:\/\/lpointiers.com\/","logo":{"@type":"ImageObject","inLanguage":"en-US","@id":"https:\/\/lpointiers.com\/#\/schema\/logo\/image\/","url":"https:\/\/lpointiers.com\/wp-content\/uploads\/2024\/10\/l-pointiers-logo.jpeg","contentUrl":"https:\/\/lpointiers.com\/wp-content\/uploads\/2024\/10\/l-pointiers-logo.jpeg","width":500,"height":257,"caption":"L'POINTIERS"},"image":{"@id":"https:\/\/lpointiers.com\/#\/schema\/logo\/image\/"},"sameAs":["https:\/\/www.facebook.com\/EmporioLpointiers"]}]}},"_links":{"self":[{"href":"https:\/\/lpointiers.com\/en\/wp-json\/wp\/v2\/product\/34","targetHints":{"allow":["GET"]}}],"collection":[{"href":"https:\/\/lpointiers.com\/en\/wp-json\/wp\/v2\/product"}],"about":[{"href":"https:\/\/lpointiers.com\/en\/wp-json\/wp\/v2\/types\/product"}],"replies":[{"embeddable":true,"href":"https:\/\/lpointiers.com\/en\/wp-json\/wp\/v2\/comments?post=34"}],"wp:featuredmedia":[{"embeddable":true,"href":"https:\/\/lpointiers.com\/en\/wp-json\/wp\/v2\/media\/35"}],"wp:attachment":[{"href":"https:\/\/lpointiers.com\/en\/wp-json\/wp\/v2\/media?parent=34"}],"wp:term":[{"taxonomy":"product_brand","embeddable":true,"href":"https:\/\/lpointiers.com\/en\/wp-json\/wp\/v2\/product_brand?post=34"},{"taxonomy":"product_cat","embeddable":true,"href":"https:\/\/lpointiers.com\/en\/wp-json\/wp\/v2\/product_cat?post=34"},{"taxonomy":"product_tag","embeddable":true,"href":"https:\/\/lpointiers.com\/en\/wp-json\/wp\/v2\/product_tag?post=34"}],"curies":[{"name":"wp","href":"https:\/\/api.w.org\/{rel}","templated":true}]}}