{"id":27,"date":"2021-09-20T15:57:35","date_gmt":"2021-09-20T20:57:35","guid":{"rendered":"https:\/\/lpointiers.com\/?post_type=product&#038;p=27"},"modified":"2026-01-01T20:34:12","modified_gmt":"2026-01-02T01:34:12","slug":"atardecer-sibarita-express","status":"publish","type":"product","link":"https:\/\/lpointiers.com\/en\/producto\/atardecer-sibarita-express\/","title":{"rendered":"Sunset Sibarita Express"},"content":{"rendered":"<p><span style=\"color: #000000;\">At <strong>Sunset <\/strong><b>by the bay in Sibarita Express<\/b>\u00a0we left the\u00a0<strong>Bodeguita pier<\/strong>, front of the\u00a0<strong>walled city of Cartagena<\/strong>. We sail between the Manga and Bocagrande skyscrapers. Later, we sail between Isla Manzanillo and Castillo Grande. We arrived in front of El Laguito and the\u00a0<strong>Tierra Bomba island<\/strong>, where the bay opens to the sea. Here we enjoy the magnificent <strong>sunset<\/strong> as we sail silently Little by little the lights of the skyscrapers are lighting up.<\/span><\/p>\n<p><span style=\"color: #000000;\">They will enjoy the relaxing but at the same time exciting navigation through the Bay of <strong>Cartagena of Indias<\/strong>. Accompanied by good music while enjoying a cocktail, or a soft drink and a delicious aperitif in a magical atmosphere during the <strong>sunset<\/strong> and the lighting of the spectacular lights of the city of <strong>Cartagena<\/strong>.<\/span><\/p>\n<ul>\n<li><span style=\"color: #339966;\"><a style=\"color: #339966;\" href=\"https:\/\/lpointiers.com\/en\/categoria-producto\/botes\/\">Boat rental for walks around the bay\u00a0<\/a><\/span><\/li>\n<\/ul>\n<p><span style=\"color: #000000;\">One of the most romantic moments of the day is the time to enjoy the <strong>sunset<\/strong>. If to that extraordinary image of color and tranquility we add the opportunity to be in the best places in\u00a0<strong>Cartagena<\/strong>, becomes a dream situation that is worth enjoying alone or with someone.<\/span><\/p>\n<p><span style=\"color: #000000;\"><strong>Tour to appreciate the Sunset <b>by the bay in Sibarita Express<\/b> By Cartagena De Indias<\/strong>.<\/span><\/p>\n<h5><span style=\"color: #000000;\"><strong>GUARANTEED DEPARTURES OF<\/strong>\u00a0<strong>WEDNESDAY TO SUNDAY<\/strong><\/span><\/h5>\n<ul>\n<li><span style=\"color: #000000;\">Rates and reservations are subject to availability. All departures are in shared service (Excursion Type)<\/span><\/li>\n<\/ul>\n<p><span style=\"color: #000000;\"><strong>INCLUDES<\/strong><\/span><\/p>\n<ul>\n<li><span style=\"color: #000000;\">Walk through the bay of Cartagena for 90 minutes<\/span><\/li>\n<li><span style=\"color: #000000;\">Cuba Libre open bar, punch rum, lemonade, water and soda<\/span><\/li>\n<li><span style=\"color: #000000;\">Service on board<\/span><\/li>\n<li><span style=\"color: #000000;\">Music on board<\/span><\/li>\n<li><span style=\"color: #000000;\">WIFI signal<\/span><\/li>\n<li><span style=\"color: #000000;\">Bathrooms for Ladies and Gentlemen<\/span><\/li>\n<li><span style=\"color: #000000;\">Selection of premium drinks and snacks on board with additional charge<\/span><\/li>\n<\/ul>\n<p><span style=\"color: #000000;\"><strong>NOT INCLUDE<\/strong><\/span><\/p>\n<ul>\n<li>Dock taxes<\/li>\n<li><span style=\"color: #000000;\">Other expenses not specified in the plan.<\/span><\/li>\n<\/ul>\n<p><span style=\"color: #000000;\"><strong>Schedules<\/strong><\/span><\/p>\n<ul>\n<li><span style=\"color: #000000;\">Embarque: 4:30 p.m.<\/span><\/li>\n<li><span style=\"color: #000000;\">Set sail: 5:00 p.m.<\/span><\/li>\n<\/ul>\n<p><span style=\"color: #000000;\"><strong>BOOK YOUR SPACE NOW !!<\/strong><\/span><\/p>","protected":false},"excerpt":{"rendered":"<p><span style=\"color: #000000;\">You can reserve this activity with 50%, the rest you cancel at the time of carrying out the activity or you can make the full payment.<\/span><\/p>","protected":false},"featured_media":557,"comment_status":"open","ping_status":"closed","template":"","meta":{"_joinchat":[]},"product_brand":[],"product_cat":[75],"product_tag":[],"class_list":{"0":"post-27","1":"product","2":"type-product","3":"status-publish","4":"has-post-thumbnail","6":"product_cat-no-funciona","8":"first","9":"instock","10":"virtual","11":"purchasable","12":"product-type-simple"},"yoast_head":"<!-- This site is optimized with the Yoast SEO plugin v27.4 - https:\/\/yoast.com\/product\/yoast-seo-wordpress\/ -->\n<title>Atardecer por la bah\u00eda Sibarita Express | Disfruta de un atardecer<\/title>\n<meta name=\"description\" content=\"Tour para apreciar el Atardecer por la bah\u00eda Sibarita Express. En el Atardecer por la bah\u00eda en Sibarita Express Disfrutar\u00e1n de la emocionante navegaci\u00f3n\" \/>\n<meta name=\"robots\" content=\"noindex, nofollow\" \/>\n<meta property=\"og:locale\" content=\"en_US\" \/>\n<meta property=\"og:type\" content=\"article\" \/>\n<meta property=\"og:title\" content=\"Atardecer por la bah\u00eda Sibarita Express | Disfruta de un atardecer\" \/>\n<meta property=\"og:description\" content=\"Tour para apreciar el Atardecer por la bah\u00eda Sibarita Express. En el Atardecer por la bah\u00eda en Sibarita Express Disfrutar\u00e1n de la emocionante navegaci\u00f3n\" \/>\n<meta property=\"og:url\" content=\"https:\/\/lpointiers.com\/en\/producto\/atardecer-sibarita-express\/\" \/>\n<meta property=\"og:site_name\" content=\"L&#039;POINTIERS TOURS CARTAGENA\" \/>\n<meta property=\"article:publisher\" content=\"https:\/\/www.facebook.com\/EmporioLpointiers\" \/>\n<meta property=\"article:modified_time\" content=\"2026-01-02T01:34:12+00:00\" \/>\n<meta property=\"og:image\" content=\"https:\/\/lpointiers.com\/wp-content\/uploads\/2021\/09\/Atardecer-por-la-bahia-en-sibarita-del-mar-express.png\" \/>\n\t<meta property=\"og:image:width\" content=\"595\" \/>\n\t<meta property=\"og:image:height\" content=\"352\" \/>\n\t<meta property=\"og:image:type\" content=\"image\/png\" \/>\n<meta name=\"twitter:card\" content=\"summary_large_image\" \/>\n<meta name=\"twitter:label1\" content=\"Est. reading time\" \/>\n\t<meta name=\"twitter:data1\" content=\"2 minutes\" \/>\n<script type=\"application\/ld+json\" class=\"yoast-schema-graph\">{\"@context\":\"https:\\\/\\\/schema.org\",\"@graph\":[{\"@type\":\"WebPage\",\"@id\":\"https:\\\/\\\/lpointiers.com\\\/producto\\\/atardecer-sibarita-express\\\/\",\"url\":\"https:\\\/\\\/lpointiers.com\\\/producto\\\/atardecer-sibarita-express\\\/\",\"name\":\"Atardecer por la bah\u00eda Sibarita Express | Disfruta de un atardecer\",\"isPartOf\":{\"@id\":\"https:\\\/\\\/lpointiers.com\\\/#website\"},\"primaryImageOfPage\":{\"@id\":\"https:\\\/\\\/lpointiers.com\\\/producto\\\/atardecer-sibarita-express\\\/#primaryimage\"},\"image\":{\"@id\":\"https:\\\/\\\/lpointiers.com\\\/producto\\\/atardecer-sibarita-express\\\/#primaryimage\"},\"thumbnailUrl\":\"https:\\\/\\\/lpointiers.com\\\/wp-content\\\/uploads\\\/2021\\\/09\\\/Atardecer-por-la-bahia-en-sibarita-del-mar-express.png\",\"datePublished\":\"2021-09-20T20:57:35+00:00\",\"dateModified\":\"2026-01-02T01:34:12+00:00\",\"description\":\"Tour para apreciar el Atardecer por la bah\u00eda Sibarita Express. En el Atardecer por la bah\u00eda en Sibarita Express Disfrutar\u00e1n de la emocionante navegaci\u00f3n\",\"breadcrumb\":{\"@id\":\"https:\\\/\\\/lpointiers.com\\\/producto\\\/atardecer-sibarita-express\\\/#breadcrumb\"},\"inLanguage\":\"en-US\",\"potentialAction\":[{\"@type\":\"ReadAction\",\"target\":[\"https:\\\/\\\/lpointiers.com\\\/producto\\\/atardecer-sibarita-express\\\/\"]}]},{\"@type\":\"ImageObject\",\"inLanguage\":\"en-US\",\"@id\":\"https:\\\/\\\/lpointiers.com\\\/producto\\\/atardecer-sibarita-express\\\/#primaryimage\",\"url\":\"https:\\\/\\\/lpointiers.com\\\/wp-content\\\/uploads\\\/2021\\\/09\\\/Atardecer-por-la-bahia-en-sibarita-del-mar-express.png\",\"contentUrl\":\"https:\\\/\\\/lpointiers.com\\\/wp-content\\\/uploads\\\/2021\\\/09\\\/Atardecer-por-la-bahia-en-sibarita-del-mar-express.png\",\"width\":595,\"height\":352,\"caption\":\"Atardecer por la bah\u00eda en sibarita del mar express\"},{\"@type\":\"BreadcrumbList\",\"@id\":\"https:\\\/\\\/lpointiers.com\\\/producto\\\/atardecer-sibarita-express\\\/#breadcrumb\",\"itemListElement\":[{\"@type\":\"ListItem\",\"position\":1,\"name\":\"Home\",\"item\":\"https:\\\/\\\/lpointiers.com\\\/\"},{\"@type\":\"ListItem\",\"position\":2,\"name\":\"Tienda\",\"item\":\"https:\\\/\\\/lpointiers.com\\\/tienda\\\/\"},{\"@type\":\"ListItem\",\"position\":3,\"name\":\"Atardecer Sibarita Express\"}]},{\"@type\":\"WebSite\",\"@id\":\"https:\\\/\\\/lpointiers.com\\\/#website\",\"url\":\"https:\\\/\\\/lpointiers.com\\\/\",\"name\":\"L'POINTIERS TOURS CARTAGENA\",\"description\":\"Agencia de turismo en Cartagena\",\"publisher\":{\"@id\":\"https:\\\/\\\/lpointiers.com\\\/#organization\"},\"potentialAction\":[{\"@type\":\"SearchAction\",\"target\":{\"@type\":\"EntryPoint\",\"urlTemplate\":\"https:\\\/\\\/lpointiers.com\\\/?s={search_term_string}\"},\"query-input\":{\"@type\":\"PropertyValueSpecification\",\"valueRequired\":true,\"valueName\":\"search_term_string\"}}],\"inLanguage\":\"en-US\"},{\"@type\":\"Organization\",\"@id\":\"https:\\\/\\\/lpointiers.com\\\/#organization\",\"name\":\"L'POINTIERS\",\"url\":\"https:\\\/\\\/lpointiers.com\\\/\",\"logo\":{\"@type\":\"ImageObject\",\"inLanguage\":\"en-US\",\"@id\":\"https:\\\/\\\/lpointiers.com\\\/#\\\/schema\\\/logo\\\/image\\\/\",\"url\":\"https:\\\/\\\/lpointiers.com\\\/wp-content\\\/uploads\\\/2024\\\/10\\\/l-pointiers-logo.jpeg\",\"contentUrl\":\"https:\\\/\\\/lpointiers.com\\\/wp-content\\\/uploads\\\/2024\\\/10\\\/l-pointiers-logo.jpeg\",\"width\":500,\"height\":257,\"caption\":\"L'POINTIERS\"},\"image\":{\"@id\":\"https:\\\/\\\/lpointiers.com\\\/#\\\/schema\\\/logo\\\/image\\\/\"},\"sameAs\":[\"https:\\\/\\\/www.facebook.com\\\/EmporioLpointiers\"]}]}<\/script>\n<!-- \/ Yoast SEO plugin. -->","yoast_head_json":{"title":"Atardecer por la bah\u00eda Sibarita Express | Disfruta de un atardecer","description":"Tour para apreciar el Atardecer por la bah\u00eda Sibarita Express. En el Atardecer por la bah\u00eda en Sibarita Express Disfrutar\u00e1n de la emocionante navegaci\u00f3n","robots":{"index":"noindex","follow":"nofollow"},"og_locale":"en_US","og_type":"article","og_title":"Atardecer por la bah\u00eda Sibarita Express | Disfruta de un atardecer","og_description":"Tour para apreciar el Atardecer por la bah\u00eda Sibarita Express. En el Atardecer por la bah\u00eda en Sibarita Express Disfrutar\u00e1n de la emocionante navegaci\u00f3n","og_url":"https:\/\/lpointiers.com\/en\/producto\/atardecer-sibarita-express\/","og_site_name":"L&#039;POINTIERS TOURS CARTAGENA","article_publisher":"https:\/\/www.facebook.com\/EmporioLpointiers","article_modified_time":"2026-01-02T01:34:12+00:00","og_image":[{"width":595,"height":352,"url":"https:\/\/lpointiers.com\/wp-content\/uploads\/2021\/09\/Atardecer-por-la-bahia-en-sibarita-del-mar-express.png","type":"image\/png"}],"twitter_card":"summary_large_image","twitter_misc":{"Est. reading time":"2 minutes"},"schema":{"@context":"https:\/\/schema.org","@graph":[{"@type":"WebPage","@id":"https:\/\/lpointiers.com\/producto\/atardecer-sibarita-express\/","url":"https:\/\/lpointiers.com\/producto\/atardecer-sibarita-express\/","name":"Atardecer por la bah\u00eda Sibarita Express | Disfruta de un atardecer","isPartOf":{"@id":"https:\/\/lpointiers.com\/#website"},"primaryImageOfPage":{"@id":"https:\/\/lpointiers.com\/producto\/atardecer-sibarita-express\/#primaryimage"},"image":{"@id":"https:\/\/lpointiers.com\/producto\/atardecer-sibarita-express\/#primaryimage"},"thumbnailUrl":"https:\/\/lpointiers.com\/wp-content\/uploads\/2021\/09\/Atardecer-por-la-bahia-en-sibarita-del-mar-express.png","datePublished":"2021-09-20T20:57:35+00:00","dateModified":"2026-01-02T01:34:12+00:00","description":"Tour para apreciar el Atardecer por la bah\u00eda Sibarita Express. En el Atardecer por la bah\u00eda en Sibarita Express Disfrutar\u00e1n de la emocionante navegaci\u00f3n","breadcrumb":{"@id":"https:\/\/lpointiers.com\/producto\/atardecer-sibarita-express\/#breadcrumb"},"inLanguage":"en-US","potentialAction":[{"@type":"ReadAction","target":["https:\/\/lpointiers.com\/producto\/atardecer-sibarita-express\/"]}]},{"@type":"ImageObject","inLanguage":"en-US","@id":"https:\/\/lpointiers.com\/producto\/atardecer-sibarita-express\/#primaryimage","url":"https:\/\/lpointiers.com\/wp-content\/uploads\/2021\/09\/Atardecer-por-la-bahia-en-sibarita-del-mar-express.png","contentUrl":"https:\/\/lpointiers.com\/wp-content\/uploads\/2021\/09\/Atardecer-por-la-bahia-en-sibarita-del-mar-express.png","width":595,"height":352,"caption":"Atardecer por la bah\u00eda en sibarita del mar express"},{"@type":"BreadcrumbList","@id":"https:\/\/lpointiers.com\/producto\/atardecer-sibarita-express\/#breadcrumb","itemListElement":[{"@type":"ListItem","position":1,"name":"Home","item":"https:\/\/lpointiers.com\/"},{"@type":"ListItem","position":2,"name":"Tienda","item":"https:\/\/lpointiers.com\/tienda\/"},{"@type":"ListItem","position":3,"name":"Atardecer Sibarita Express"}]},{"@type":"WebSite","@id":"https:\/\/lpointiers.com\/#website","url":"https:\/\/lpointiers.com\/","name":"L'POINTIERS TOURS CARTAGENA","description":"Tourism agency in Cartagena","publisher":{"@id":"https:\/\/lpointiers.com\/#organization"},"potentialAction":[{"@type":"SearchAction","target":{"@type":"EntryPoint","urlTemplate":"https:\/\/lpointiers.com\/?s={search_term_string}"},"query-input":{"@type":"PropertyValueSpecification","valueRequired":true,"valueName":"search_term_string"}}],"inLanguage":"en-US"},{"@type":"Organization","@id":"https:\/\/lpointiers.com\/#organization","name":"L'POINTIERS","url":"https:\/\/lpointiers.com\/","logo":{"@type":"ImageObject","inLanguage":"en-US","@id":"https:\/\/lpointiers.com\/#\/schema\/logo\/image\/","url":"https:\/\/lpointiers.com\/wp-content\/uploads\/2024\/10\/l-pointiers-logo.jpeg","contentUrl":"https:\/\/lpointiers.com\/wp-content\/uploads\/2024\/10\/l-pointiers-logo.jpeg","width":500,"height":257,"caption":"L'POINTIERS"},"image":{"@id":"https:\/\/lpointiers.com\/#\/schema\/logo\/image\/"},"sameAs":["https:\/\/www.facebook.com\/EmporioLpointiers"]}]}},"_links":{"self":[{"href":"https:\/\/lpointiers.com\/en\/wp-json\/wp\/v2\/product\/27","targetHints":{"allow":["GET"]}}],"collection":[{"href":"https:\/\/lpointiers.com\/en\/wp-json\/wp\/v2\/product"}],"about":[{"href":"https:\/\/lpointiers.com\/en\/wp-json\/wp\/v2\/types\/product"}],"replies":[{"embeddable":true,"href":"https:\/\/lpointiers.com\/en\/wp-json\/wp\/v2\/comments?post=27"}],"wp:featuredmedia":[{"embeddable":true,"href":"https:\/\/lpointiers.com\/en\/wp-json\/wp\/v2\/media\/557"}],"wp:attachment":[{"href":"https:\/\/lpointiers.com\/en\/wp-json\/wp\/v2\/media?parent=27"}],"wp:term":[{"taxonomy":"product_brand","embeddable":true,"href":"https:\/\/lpointiers.com\/en\/wp-json\/wp\/v2\/product_brand?post=27"},{"taxonomy":"product_cat","embeddable":true,"href":"https:\/\/lpointiers.com\/en\/wp-json\/wp\/v2\/product_cat?post=27"},{"taxonomy":"product_tag","embeddable":true,"href":"https:\/\/lpointiers.com\/en\/wp-json\/wp\/v2\/product_tag?post=27"}],"curies":[{"name":"wp","href":"https:\/\/api.w.org\/{rel}","templated":true}]}}